{"id":18,"date":"2024-07-18T13:04:17","date_gmt":"2024-07-18T13:04:17","guid":{"rendered":"https:\/\/flygtning-roskilde.dk\/wordpress_A\/?page_id=18"},"modified":"2025-02-25T12:11:42","modified_gmt":"2025-02-25T12:11:42","slug":"om-os","status":"publish","type":"page","link":"https:\/\/flygtning-roskilde.dk\/?page_id=18","title":{"rendered":"Om os"},"content":{"rendered":"\n<div class=\"wp-block-media-text alignwide has-media-on-the-right is-stacked-on-mobile is-vertically-aligned-center coblocks-animate\" style=\"grid-template-columns:auto 56%\" data-coblocks-animation=\"fadeIn\"><div class=\"wp-block-media-text__content\">\n<h1 class=\"wp-block-heading coblocks-animate\" data-coblocks-animation=\"fadeIn\">Om os<\/h1>\n\n\n\n<h4 class=\"wp-block-heading has-text-align-left has-text-color coblocks-animate has-custom-lineheight\" style=\"color:#000000;line-height:1.5\" data-coblocks-animation=\"fadeIn\">Vores gruppe er en del af Dansk Flygtningehj\u00e6lps landsd\u00e6kkende netv\u00e6rk af frivillige. Vi st\u00f8tter flygtninge og internt fordrevne, s\u00e5 de kan klare sig selv og blive inkluderet i Roskilde. <\/h4>\n\n\n\n<div class=\"wp-block-stackable-divider stk-block-divider has-text-align-left stk-block stk-b840b89\" data-block-id=\"b840b89\"><style>.stk-b840b89 {margin-bottom:25px !important;}<\/style><hr class=\"stk-block-divider__hr\"\/><\/div>\n\n\n\n<div class=\"wp-block-coblocks-faq\" itemscope itemtype=\"https:\/\/schema.org\/FAQPage\">\n<h3 class=\"wp-block-heading wp-block-coblocks-faq__title coblocks-animate\" data-coblocks-animation=\"fadeIn\">Ofte stillede sp\u00f8rgsm\u00e5l<\/h3>\n<\/div>\n\n\n\n<p class=\"coblocks-animate\" data-coblocks-animation=\"fadeIn\"><strong>Hvem kan blive frivillig?<\/strong><br>Alle der tilslutter sig gruppens form\u00e5l kan optages som medlemmer. Der tilstr\u00e6bes etnisk mangfoldighed i gruppen, og dig med anden etnisk herkomst end dansk opfordres specielt til at deltage i gruppens arbejde.<\/p>\n\n\n\n<div class=\"wp-block-stackable-divider stk-block-divider has-text-align-left stk-block stk-3d8a85a\" data-block-id=\"3d8a85a\"><style>.stk-3d8a85a {margin-bottom:NaNpx !important;}<\/style><hr class=\"stk-block-divider__hr\"\/><\/div>\n\n\n\n<p class=\"coblocks-animate\" data-coblocks-animation=\"fadeIn\"><strong>Hvordan kan jeg melde mig som frivillig?<\/strong><br>Vi afholder introduktionsm\u00f8der for nye frivillige, hvor du kan h\u00f8re mere om de forskellige aktiviteter, som du kan v\u00e6re med til. Henvend dig gerne for n\u00e6rmere information om n\u00e6ste introduktionsm\u00f8de.<\/p>\n\n\n\n<div class=\"wp-block-stackable-divider stk-block-divider has-text-align-left stk-block stk-2318292\" data-block-id=\"2318292\"><hr class=\"stk-block-divider__hr\"\/><\/div>\n\n\n\n<p class=\"coblocks-animate\" data-coblocks-animation=\"fadeIn\"><strong>Hvad sker der n\u00e5r jeg bliver frivillig?<\/strong><br>Alle frivillige underskriver en samarbejdsaftale med Dansk Flygtningehj\u00e6lp, hvori du forpligter dig p\u00e5 at arbejde under vores fastlagte etiske retningslinjer for frivilligt arbejde.<\/p>\n\n\n\n<div class=\"wp-block-stackable-divider stk-block-divider has-text-align-left stk-block stk-19169af\" data-block-id=\"19169af\"><hr class=\"stk-block-divider__hr\"\/><\/div>\n\n\n\n<div class=\"wp-block-buttons is-layout-flex wp-block-buttons-is-layout-flex\">\n<div class=\"wp-block-button coblocks-animate\" data-coblocks-animation=\"fadeIn\"><a class=\"wp-block-button__link wp-element-button\" href=\"https:\/\/flygtning-roskilde.dk\/?page_id=137\">Kontakt os<\/a><\/div>\n<\/div>\n<\/div><figure class=\"wp-block-media-text__media\"><img decoding=\"async\" src=\"https:\/\/flygtning-roskilde.dk\/wp-content\/uploads\/2024\/11\/tempImagemCGLh2.heic\" alt=\"\" class=\"wp-image-337 size-full\"\/><\/figure><\/div>\n","protected":false},"excerpt":{"rendered":"","protected":false},"author":1,"featured_media":39,"parent":0,"menu_order":0,"comment_status":"closed","ping_status":"closed","template":"","meta":{"_coblocks_attr":"","_coblocks_dimensions":"","_coblocks_responsive_height":"","_coblocks_accordion_ie_support":"","footnotes":""},"class_list":["post-18","page","type-page","status-publish","has-post-thumbnail","hentry"],"_links":{"self":[{"href":"https:\/\/flygtning-roskilde.dk\/index.php?rest_route=\/wp\/v2\/pages\/18","targetHints":{"allow":["GET"]}}],"collection":[{"href":"https:\/\/flygtning-roskilde.dk\/index.php?rest_route=\/wp\/v2\/pages"}],"about":[{"href":"https:\/\/flygtning-roskilde.dk\/index.php?rest_route=\/wp\/v2\/types\/page"}],"author":[{"embeddable":true,"href":"https:\/\/flygtning-roskilde.dk\/index.php?rest_route=\/wp\/v2\/users\/1"}],"replies":[{"embeddable":true,"href":"https:\/\/flygtning-roskilde.dk\/index.php?rest_route=%2Fwp%2Fv2%2Fcomments&post=18"}],"version-history":[{"count":42,"href":"https:\/\/flygtning-roskilde.dk\/index.php?rest_route=\/wp\/v2\/pages\/18\/revisions"}],"predecessor-version":[{"id":610,"href":"https:\/\/flygtning-roskilde.dk\/index.php?rest_route=\/wp\/v2\/pages\/18\/revisions\/610"}],"wp:featuredmedia":[{"embeddable":true,"href":"https:\/\/flygtning-roskilde.dk\/index.php?rest_route=\/wp\/v2\/media\/39"}],"wp:attachment":[{"href":"https:\/\/flygtning-roskilde.dk\/index.php?rest_route=%2Fwp%2Fv2%2Fmedia&parent=18"}],"curies":[{"name":"wp","href":"https:\/\/api.w.org\/{rel}","templated":true}]}}