{"id":20,"date":"2024-09-21T08:51:03","date_gmt":"2024-09-21T08:51:03","guid":{"rendered":"https:\/\/flygtning-roskilde.dk\/wordpress_A\/?page_id=20"},"modified":"2026-03-15T11:43:06","modified_gmt":"2026-03-15T11:43:06","slug":"bestyrelsen","status":"publish","type":"page","link":"https:\/\/flygtning-roskilde.dk\/?page_id=20","title":{"rendered":"M\u00f8d bestyrelsen"},"content":{"rendered":"\n<div class=\"wp-block-group alignwide has-global-padding is-layout-constrained wp-block-group-is-layout-constrained\">\n<div class=\"wp-block-group alignfull has-global-padding is-layout-constrained wp-container-core-group-is-layout-669513ed wp-block-group-is-layout-constrained\" style=\"margin-top:0;margin-bottom:0;padding-top:var(--wp--preset--spacing--50);padding-right:var(--wp--preset--spacing--50);padding-bottom:var(--wp--preset--spacing--50);padding-left:var(--wp--preset--spacing--50)\">\n<div class=\"wp-block-group is-vertical is-content-justification-center is-layout-flex wp-container-core-group-is-layout-ce155fab wp-block-group-is-layout-flex\">\n<p><\/p>\n\n\n\n<p><\/p>\n\n\n\n<h1 class=\"wp-block-heading has-text-align-left\">M\u00f8d bestyrelsen<\/h1>\n\n\n\n<p>Vores dedikerede team best\u00e5r af engagerede frivillige, som arbejder for at st\u00f8tte og integrere flygtninge i Roskilde. Vi str\u00e6ber efter at skabe et inkluderende lokalsamfund, hvor flygtninge kan finde hj\u00e6lp, vejledning og nye muligheder.<\/p>\n\n\n\n<h3 class=\"wp-block-heading\"><strong>Bestyrelsen best\u00e5r af<\/strong>:<\/h3>\n\n\n\n<p>Claes Amundsen,\u2028formand\u2028<\/p>\n\n\n\n<p>Ulla Sonne Andersen, n\u00e6stformand\u2028\u2028<\/p>\n\n\n\n<p>Leili Freuja Ferdowsipour,\u2028sekret\u00e6r\u2028<\/p>\n\n\n\n<p>Niels Tofte, kasserer<\/p>\n\n\n\n<p>Annegrete Bertram\u2028<\/p>\n\n\n\n<p>Ann Karlslund<\/p>\n\n\n\n<p>Bente Roed, suppleant<\/p>\n\n\n\n<p>Linn Olaussen, suppleant<\/p>\n\n\n\n<p><br><\/p>\n<\/div>\n\n\n\n<div style=\"height:var(--wp--preset--spacing--30)\" aria-hidden=\"true\" class=\"wp-block-spacer\"><\/div>\n\n\n\n<div class=\"wp-block-columns alignwide is-layout-flex wp-container-core-columns-is-layout-4935966c wp-block-columns-is-layout-flex\" style=\"padding-right:0;padding-left:0\">\n<div class=\"wp-block-column is-layout-flow wp-block-column-is-layout-flow\"><\/div>\n<\/div>\n<\/div>\n<\/div>\n\n\n","protected":false},"excerpt":{"rendered":"<p>M\u00f8d bestyrelsen Vores dedikerede team best\u00e5r af engagerede frivillige, som arbejder for at st\u00f8tte og integrere flygtninge i Roskilde. Vi str\u00e6ber efter at skabe et inkluderende lokalsamfund, hvor flygtninge kan finde hj\u00e6lp, vejledning og nye muligheder. Bestyrelsen best\u00e5r af: Claes Amundsen,\u2028formand\u2028 Ulla Sonne Andersen, n\u00e6stformand\u2028\u2028 Leili Freuja Ferdowsipour,\u2028sekret\u00e6r\u2028 Niels Tofte, kasserer Annegrete Bertram\u2028 Ann Karlslund [&hellip;]<\/p>\n","protected":false},"author":1,"featured_media":0,"parent":0,"menu_order":0,"comment_status":"closed","ping_status":"closed","template":"","meta":{"_coblocks_attr":"","_coblocks_dimensions":"","_coblocks_responsive_height":"","_coblocks_accordion_ie_support":"","footnotes":""},"class_list":["post-20","page","type-page","status-publish","hentry"],"_links":{"self":[{"href":"https:\/\/flygtning-roskilde.dk\/index.php?rest_route=\/wp\/v2\/pages\/20","targetHints":{"allow":["GET"]}}],"collection":[{"href":"https:\/\/flygtning-roskilde.dk\/index.php?rest_route=\/wp\/v2\/pages"}],"about":[{"href":"https:\/\/flygtning-roskilde.dk\/index.php?rest_route=\/wp\/v2\/types\/page"}],"author":[{"embeddable":true,"href":"https:\/\/flygtning-roskilde.dk\/index.php?rest_route=\/wp\/v2\/users\/1"}],"replies":[{"embeddable":true,"href":"https:\/\/flygtning-roskilde.dk\/index.php?rest_route=%2Fwp%2Fv2%2Fcomments&post=20"}],"version-history":[{"count":40,"href":"https:\/\/flygtning-roskilde.dk\/index.php?rest_route=\/wp\/v2\/pages\/20\/revisions"}],"predecessor-version":[{"id":643,"href":"https:\/\/flygtning-roskilde.dk\/index.php?rest_route=\/wp\/v2\/pages\/20\/revisions\/643"}],"wp:attachment":[{"href":"https:\/\/flygtning-roskilde.dk\/index.php?rest_route=%2Fwp%2Fv2%2Fmedia&parent=20"}],"curies":[{"name":"wp","href":"https:\/\/api.w.org\/{rel}","templated":true}]}}