{"id":382,"date":"2024-11-20T12:06:04","date_gmt":"2024-11-20T12:06:04","guid":{"rendered":"https:\/\/flygtning-roskilde.dk\/wordpress_A\/?page_id=382"},"modified":"2025-05-21T08:51:21","modified_gmt":"2025-05-21T08:51:21","slug":"aktiviteter-kladde","status":"publish","type":"page","link":"https:\/\/flygtning-roskilde.dk\/?page_id=382","title":{"rendered":"Aktiviteter"},"content":{"rendered":"\n<h1 class=\"wp-block-heading alignwide coblocks-animate\" data-coblocks-animation=\"fadeIn\">Aktiviteter<\/h1>\n\n\n\n<h3 class=\"wp-block-heading alignwide has-text-align-left coblocks-animate\" data-coblocks-animation=\"fadeIn\"><span style=\"color: #111111;\" class=\"stk-highlight\">Vores frivillige hj\u00e6lper dig som flygtning og etnisk minoritet med hverdagens udfordringer. Det sker blandt andet gennem r\u00e5dgivning, lektiehj\u00e6lp og opbakning i hyggelige f\u00e6llesskaber.<\/span><\/h3>\n\n\n\n<div class=\"wp-block-stackable-divider alignwide stk-block-divider has-text-align-left stk-block stk-4a43bc4\" data-block-id=\"4a43bc4\"><style>.stk-4a43bc4 {margin-bottom:nullpx !important;}<\/style><hr class=\"stk-block-divider__hr\"\/><\/div>\n\n\n\n<div class=\"wp-block-stackable-columns alignwide stk-block-columns stk-block stk-968c68e\" data-block-id=\"968c68e\"><div class=\"stk-row stk-inner-blocks has-text-align-left stk-block-content stk-content-align stk-968c68e-column alignwide\">\n<div class=\"wp-block-stackable-column stk-block-column stk-column stk-block stk-8243c90\" data-v=\"4\" data-block-id=\"8243c90\"><div class=\"stk-column-wrapper stk-block-column__content stk-container stk-8243c90-container stk--no-background stk--no-padding\"><div class=\"has-text-align-left stk-block-content stk-inner-blocks stk-8243c90-inner-blocks\">\n<div class=\"wp-block-stackable-heading stk-block-heading stk-block-heading--v2 stk-block stk-4d289b8 coblocks-animate\" id=\"hvad-tilbyder-vi\" data-coblocks-animation=\"fadeIn\" data-block-id=\"4d289b8\"><h2 class=\"stk-block-heading__text has-text-align-left\">Hvad tilbyder vi?<\/h2><\/div>\n\n\n\n<p class=\"coblocks-animate has-custom-lineheight\" data-coblocks-animation=\"fadeIn\" style=\"line-height:1.5\">Frivilliggruppen omfatter en r\u00e6kke aktivitetsgrupper med forskellige tiltag og m\u00e5lgrupper. Desuden har vi en matchkoordinator, der hj\u00e6lper is\u00e6r vores nye medlemmer med at finde den gruppe, som matcher \u00f8nskerne.<\/p>\n\n\n\n<p class=\"coblocks-animate has-custom-lineheight\" data-coblocks-animation=\"fadeIn\" style=\"line-height:1.5\">Hvis du skulle v\u00e6re interesseret i at indg\u00e5 i, eller p\u00e5 anden m\u00e5de st\u00f8tte op omkring en af grupperne, s\u00e5 kontakt gruppens tovholder eller matchkoordinatoren for n\u00e6rmere info.<\/p>\n\n\n\n<figure class=\"wp-block-image size-full coblocks-animate\" data-coblocks-animation=\"fadeIn\"><img decoding=\"async\" src=\"https:\/\/flygtning-roskilde.dk\/wp-content\/uploads\/2024\/11\/tempImage7aXjT9.heic\" alt=\"\" class=\"wp-image-417\"\/><\/figure>\n<\/div><\/div><\/div>\n\n\n\n<div class=\"wp-block-stackable-column stk-block-column stk-column stk-block stk-6d39388 coblocks-animate\" data-v=\"4\" data-coblocks-animation=\"fadeIn\" data-block-id=\"6d39388\"><div class=\"stk-column-wrapper stk-block-column__content stk-container stk-6d39388-container stk--no-background stk--no-padding\"><div class=\"stk-block-content stk-inner-blocks stk-6d39388-inner-blocks\">\n<details class=\"wp-block-stackable-accordion stk-block-accordion stk-inner-blocks stk-block-content stk--is-open stk-block stk-14c8a90\" open data-block-id=\"14c8a90\">\n<summary class=\"wp-block-stackable-column stk-block-column stk-column stk-block stk-46df14c stk--container-small stk-block-accordion__heading\" data-v=\"4\" data-block-id=\"46df14c\"><div class=\"stk-column-wrapper stk-block-column__content stk-container stk-46df14c-container stk-hover-parent\"><div class=\"stk-block-content stk-inner-blocks stk-46df14c-inner-blocks\">\n<div class=\"wp-block-stackable-icon-label stk-block-icon-label stk-block stk-e8b7cb7\" data-block-id=\"e8b7cb7\"><div class=\"stk-row stk-inner-blocks stk-block-content\">\n<div class=\"wp-block-stackable-heading stk-block-heading stk-block-heading--v2 stk-block stk-bb2be58\" id=\"matchkoordinator\" data-block-id=\"bb2be58\"><h4 class=\"stk-block-heading__text\">Matchkoordinator<\/h4><\/div>\n\n\n\n<div class=\"wp-block-stackable-icon stk-block-icon stk-block stk-e5cd6da\" data-block-id=\"e5cd6da\"><span class=\"stk--svg-wrapper\"><div class=\"stk--inner-svg\"><svg style=\"height:0;width:0\"><defs><linearGradient id=\"linear-gradient-e5cd6da\" x1=\"0\" x2=\"100%\" y1=\"0\" y2=\"0\"><stop offset=\"0%\" style=\"stop-opacity:1;stop-color:var(--linear-gradient-e-5-cd-6-da-color-1)\"><\/stop><stop offset=\"100%\" style=\"stop-opacity:1;stop-color:var(--linear-gradient-e-5-cd-6-da-color-2)\"><\/stop><\/linearGradient><\/defs><\/svg><svg data-prefix=\"fas\" data-icon=\"chevron-down\" class=\"svg-inline--fa fa-chevron-down fa-w-14\" xmlns=\"http:\/\/www.w3.org\/2000\/svg\" viewBox=\"0 0 448 512\" aria-hidden=\"true\" width=\"32\" height=\"32\"><path fill=\"currentColor\" d=\"M207.029 381.476L12.686 187.132c-9.373-9.373-9.373-24.569 0-33.941l22.667-22.667c9.357-9.357 24.522-9.375 33.901-.04L224 284.505l154.745-154.021c9.379-9.335 24.544-9.317 33.901.04l22.667 22.667c9.373 9.373 9.373 24.569 0 33.941L240.971 381.476c-9.373 9.372-24.569 9.372-33.942 0z\"><\/path><\/svg><\/div><\/span><\/div>\n<\/div><\/div>\n<\/div><\/div><\/summary>\n\n\n\n<div class=\"wp-block-stackable-column stk-block-column stk-column stk-block stk-5581e6f stk-block-accordion__content\" data-v=\"4\" data-block-id=\"5581e6f\"><div class=\"stk-column-wrapper stk-block-column__content stk-container stk-5581e6f-container stk--no-background stk--no-padding\"><div class=\"stk-block-content stk-inner-blocks stk-5581e6f-inner-blocks\">\n<div class=\"wp-block-stackable-text stk-block-text stk-block stk-f00e626 coblocks-animate\" data-coblocks-animation=\"fadeIn\" data-block-id=\"f00e626\"><p class=\"stk-block-text__text\">Vores matchkoordinator hedder Ulla. Hendes rolle er at hj\u00e6lpe dig som frivillig eller flygtning med at finde den aktivitet, der passer til dig. Hvis du har et behov, som ikke bliver n\u00e6vnt her, kan du ogs\u00e5 henvende dig til Ulla.<\/p><\/div>\n\n\n\n<p class=\"coblocks-animate\" data-coblocks-animation=\"fadeIn\"><strong>Tovholder<\/strong>:&nbsp;Ulla Sonne Andersen<strong><br>Tlf<\/strong>: 30 23 26 91&nbsp;<br><strong>Email<\/strong>:&nbsp;<a href=\"mailto:ulla@flygtning-roskilde.dk\">ulla@flygtning-roskilde.dk<\/a><\/p>\n<\/div><\/div><\/div>\n<\/details>\n\n\n\n<details class=\"wp-block-stackable-accordion stk-block-accordion stk-inner-blocks stk-block-content stk-block stk-51d1f1e\" data-block-id=\"51d1f1e\">\n<summary class=\"wp-block-stackable-column stk-block-column stk-column stk-block stk-9775b9d stk--container-small stk-block-accordion__heading\" data-v=\"4\" data-block-id=\"9775b9d\"><div class=\"stk-column-wrapper stk-block-column__content stk-container stk-9775b9d-container stk-hover-parent\"><div class=\"stk-block-content stk-inner-blocks stk-9775b9d-inner-blocks\">\n<div class=\"wp-block-stackable-icon-label stk-block-icon-label stk-block stk-6ada402 coblocks-animate\" data-coblocks-animation=\"fadeIn\" data-block-id=\"6ada402\"><div class=\"stk-row stk-inner-blocks stk-block-content\">\n<div class=\"wp-block-stackable-heading stk-block-heading stk-block-heading--v2 stk-block stk-936cf08\" id=\"turgruppen\" data-block-id=\"936cf08\"><h4 class=\"stk-block-heading__text\">Turgruppen<\/h4><\/div>\n\n\n\n<div class=\"wp-block-stackable-icon stk-block-icon stk-block stk-df425bb\" data-block-id=\"df425bb\"><span class=\"stk--svg-wrapper\"><div class=\"stk--inner-svg\"><svg style=\"height:0;width:0\"><defs><linearGradient id=\"linear-gradient-df425bb\" x1=\"0\" x2=\"100%\" y1=\"0\" y2=\"0\"><stop offset=\"0%\" style=\"stop-opacity:1;stop-color:var(--linear-gradient-df-425-bb-color-1)\"><\/stop><stop offset=\"100%\" style=\"stop-opacity:1;stop-color:var(--linear-gradient-df-425-bb-color-2)\"><\/stop><\/linearGradient><\/defs><\/svg><svg data-prefix=\"fas\" data-icon=\"chevron-down\" class=\"svg-inline--fa fa-chevron-down fa-w-14\" xmlns=\"http:\/\/www.w3.org\/2000\/svg\" viewBox=\"0 0 448 512\" aria-hidden=\"true\" width=\"32\" height=\"32\"><path fill=\"currentColor\" d=\"M207.029 381.476L12.686 187.132c-9.373-9.373-9.373-24.569 0-33.941l22.667-22.667c9.357-9.357 24.522-9.375 33.901-.04L224 284.505l154.745-154.021c9.379-9.335 24.544-9.317 33.901.04l22.667 22.667c9.373 9.373 9.373 24.569 0 33.941L240.971 381.476c-9.373 9.372-24.569 9.372-33.942 0z\"><\/path><\/svg><\/div><\/span><\/div>\n<\/div><\/div>\n<\/div><\/div><\/summary>\n\n\n\n<div class=\"wp-block-stackable-column stk-block-column stk-column stk-block stk-551a356 stk-block-accordion__content\" data-v=\"4\" data-block-id=\"551a356\"><div class=\"stk-column-wrapper stk-block-column__content stk-container stk-551a356-container stk--no-background stk--no-padding\"><div class=\"stk-block-content stk-inner-blocks stk-551a356-inner-blocks\">\n<p><\/p>\n\n\n\n<div class=\"wp-block-stackable-text stk-block-text stk-block stk-1047a3e coblocks-animate\" data-coblocks-animation=\"fadeIn\" data-block-id=\"1047a3e\"><style>.stk-1047a3e {margin-bottom:nullpx !important;}<\/style><p class=\"stk-block-text__text\">Turgruppen holder lige nu pause.<\/p><\/div>\n\n\n\n<p>Turgruppen arrangerer udflugter for flygtninge og indvandrere \u2013 s\u00e5vel ture med kulturelt\/historisk sigte som rene familieudflugter. Turgruppen samarbejder med Roskilde Museum og sprogskolen Clavis om visse udflugter\/arrangementer.<\/p>\n\n\n\n<p><strong>Tovholder:<\/strong>&nbsp;Vi leder efter en ny tovholder. Hvis det er noget for dig, m\u00e5 du meget gerne sende en mail til <a href=\"mailto:formand@flygtning-roskilde.dk\">formand@flygtning-roskilde.dk<\/a><\/p>\n<\/div><\/div><\/div>\n<\/details>\n\n\n\n<details class=\"wp-block-stackable-accordion stk-block-accordion stk-inner-blocks stk-block-content stk-block stk-6e96404\" data-block-id=\"6e96404\">\n<summary class=\"wp-block-stackable-column stk-block-column stk-column stk-block stk-e9bbd01 stk--container-small stk-block-accordion__heading\" data-v=\"4\" data-block-id=\"e9bbd01\"><div class=\"stk-column-wrapper stk-block-column__content stk-container stk-e9bbd01-container stk-hover-parent\"><div class=\"stk-block-content stk-inner-blocks stk-e9bbd01-inner-blocks\">\n<div class=\"wp-block-stackable-icon-label stk-block-icon-label stk-block stk-8625cee\" data-block-id=\"8625cee\"><div class=\"stk-row stk-inner-blocks stk-block-content\">\n<div class=\"wp-block-stackable-heading stk-block-heading stk-block-heading--v2 stk-block stk-cfe93ec\" id=\"kvindegruppen\" data-block-id=\"cfe93ec\"><h4 class=\"stk-block-heading__text\">Kvindegruppen<\/h4><\/div>\n\n\n\n<div class=\"wp-block-stackable-icon stk-block-icon stk-block stk-9297483\" data-block-id=\"9297483\"><span class=\"stk--svg-wrapper\"><div class=\"stk--inner-svg\"><svg style=\"height:0;width:0\"><defs><linearGradient id=\"linear-gradient-9297483\" x1=\"0\" x2=\"100%\" y1=\"0\" y2=\"0\"><stop offset=\"0%\" style=\"stop-opacity:1;stop-color:var(--linear-gradient-9297483-color-1)\"><\/stop><stop offset=\"100%\" style=\"stop-opacity:1;stop-color:var(--linear-gradient-9297483-color-2)\"><\/stop><\/linearGradient><\/defs><\/svg><svg data-prefix=\"fas\" data-icon=\"chevron-down\" class=\"svg-inline--fa fa-chevron-down fa-w-14\" xmlns=\"http:\/\/www.w3.org\/2000\/svg\" viewBox=\"0 0 448 512\" aria-hidden=\"true\" width=\"32\" height=\"32\"><path fill=\"currentColor\" d=\"M207.029 381.476L12.686 187.132c-9.373-9.373-9.373-24.569 0-33.941l22.667-22.667c9.357-9.357 24.522-9.375 33.901-.04L224 284.505l154.745-154.021c9.379-9.335 24.544-9.317 33.901.04l22.667 22.667c9.373 9.373 9.373 24.569 0 33.941L240.971 381.476c-9.373 9.372-24.569 9.372-33.942 0z\"><\/path><\/svg><\/div><\/span><\/div>\n<\/div><\/div>\n<\/div><\/div><\/summary>\n\n\n\n<div class=\"wp-block-stackable-column stk-block-column stk-column stk-block stk-2d6f641 stk-block-accordion__content\" data-v=\"4\" data-block-id=\"2d6f641\"><div class=\"stk-column-wrapper stk-block-column__content stk-container stk-2d6f641-container stk--no-background stk--no-padding\"><div class=\"stk-block-content stk-inner-blocks stk-2d6f641-inner-blocks\">\n<div class=\"wp-block-stackable-text stk-block-text stk-block stk-7d4b81a\" data-block-id=\"7d4b81a\"><p class=\"stk-block-text__text\">Vil du m\u00f8des med andre flygtningekvinder?&nbsp;<br>Du er meget velkommen i Kvindecaf\u00e9.<\/p><\/div>\n\n\n\n<p>Annegrete, Leili og Ulla fra Frivilliggruppen s\u00f8rger for kaffe og sm\u00e5kager og en hyggelig snak p\u00e5 dansk.<\/p>\n\n\n\n<p>Vi g\u00e5r ogs\u00e5 sammen til arrangementer i Roskilde, hvis der sker noget interessant. Du er velkommen til at foresl\u00e5 noget, vi kan g\u00f8re sammen.<\/p>\n\n\n\n<p>Sted: Byens Hus, St\u00e6ndertorvet 1, Roskilde<\/p>\n\n\n\n<p>Tid: kontakt Ulla hvis du vil vide hvorn\u00e5r vi holder kvindecafe n\u00e6ste gang<\/p>\n\n\n\n<p><strong>Tovholder:<\/strong>&nbsp;Ulla Sonne Andersen<br><strong>Tlf:<\/strong>&nbsp;30 23 26 91<br><strong>Email:<\/strong>&nbsp;ulla@flygning-roskilde.dk&nbsp;<\/p>\n<\/div><\/div><\/div>\n<\/details>\n\n\n\n<details class=\"wp-block-stackable-accordion stk-block-accordion stk-inner-blocks stk-block-content stk-block stk-5578f91\" data-block-id=\"5578f91\">\n<summary class=\"wp-block-stackable-column stk-block-column stk-column stk-block stk-2750942 stk--container-small stk-block-accordion__heading\" data-v=\"4\" data-block-id=\"2750942\"><div class=\"stk-column-wrapper stk-block-column__content stk-container stk-2750942-container stk-hover-parent\"><div class=\"stk-block-content stk-inner-blocks stk-2750942-inner-blocks\">\n<div class=\"wp-block-stackable-icon-label stk-block-icon-label stk-block stk-95f18fa\" data-block-id=\"95f18fa\"><div class=\"stk-row stk-inner-blocks stk-block-content\">\n<div class=\"wp-block-stackable-heading stk-block-heading stk-block-heading--v2 stk-block stk-8136174\" id=\"lektiegruppen-i-viby-sj\" data-block-id=\"8136174\"><h4 class=\"stk-block-heading__text\">Lektiegruppen i Viby Sj<\/h4><\/div>\n\n\n\n<div class=\"wp-block-stackable-icon stk-block-icon stk-block stk-a7f2c71\" data-block-id=\"a7f2c71\"><span class=\"stk--svg-wrapper\"><div class=\"stk--inner-svg\"><svg style=\"height:0;width:0\"><defs><linearGradient id=\"linear-gradient-a7f2c71\" x1=\"0\" x2=\"100%\" y1=\"0\" y2=\"0\"><stop offset=\"0%\" style=\"stop-opacity:1;stop-color:var(--linear-gradient-a-7-f-2-c-71-color-1)\"><\/stop><stop offset=\"100%\" style=\"stop-opacity:1;stop-color:var(--linear-gradient-a-7-f-2-c-71-color-2)\"><\/stop><\/linearGradient><\/defs><\/svg><svg data-prefix=\"fas\" data-icon=\"chevron-down\" class=\"svg-inline--fa fa-chevron-down fa-w-14\" xmlns=\"http:\/\/www.w3.org\/2000\/svg\" viewBox=\"0 0 448 512\" aria-hidden=\"true\" width=\"32\" height=\"32\"><path fill=\"currentColor\" d=\"M207.029 381.476L12.686 187.132c-9.373-9.373-9.373-24.569 0-33.941l22.667-22.667c9.357-9.357 24.522-9.375 33.901-.04L224 284.505l154.745-154.021c9.379-9.335 24.544-9.317 33.901.04l22.667 22.667c9.373 9.373 9.373 24.569 0 33.941L240.971 381.476c-9.373 9.372-24.569 9.372-33.942 0z\"><\/path><\/svg><\/div><\/span><\/div>\n<\/div><\/div>\n<\/div><\/div><\/summary>\n\n\n\n<div class=\"wp-block-stackable-column stk-block-column stk-column stk-block stk-ff14944 stk-block-accordion__content\" data-v=\"4\" data-block-id=\"ff14944\"><div class=\"stk-column-wrapper stk-block-column__content stk-container stk-ff14944-container stk--no-background stk--no-padding\"><div class=\"stk-block-content stk-inner-blocks stk-ff14944-inner-blocks\">\n<div class=\"wp-block-stackable-text stk-block-text stk-block stk-0ca0776\" data-block-id=\"0ca0776\"><p class=\"stk-block-text__text\">Vi holder \u00e5bent for flygtninge, indvandrere og danskere til hygge, lektiehj\u00e6lp. Vi tilbyder ogs\u00e5 hj\u00e6lp til at forst\u00e5 breve og informationer fra det offentlige.<\/p><\/div>\n\n\n\n<p>Vi har \u00e5bent fra kl. 16:00 \u2013 18:00 p\u00e5&nbsp;<a href=\"https:\/\/www.google.dk\/maps\/place\/Viby+Bibliotek\/@55.5475512,12.0245253,17z\/data=!3m1!4b1!4m5!3m4!1s0x4652f4cae96a0def:0xfd524dd72057734d!8m2!3d55.5475512!4d12.0267193?hl=en\" target=\"_blank\" rel=\"noreferrer noopener\">Viby Bibliotek.<\/a>&nbsp;Vi er normalt i lokalet \u201dRams\u00f8rummet\u201d p\u00e5 1. sal.<\/p>\n\n\n\n<p><strong>Tovholder<\/strong>: J\u00f8rgen Kloster<br><strong>Tlf<\/strong>: 24 28 94 08<br><strong>Email<\/strong>:&nbsp;<a href=\"mailto:joergen.kloster@live.com\">joergen.kloster@live.com<\/a><\/p>\n<\/div><\/div><\/div>\n<\/details>\n\n\n\n<details class=\"wp-block-stackable-accordion stk-block-accordion stk-inner-blocks stk-block-content stk--single-open stk-block stk-8795cc2\" data-block-id=\"8795cc2\">\n<summary class=\"wp-block-stackable-column stk-block-column stk-column stk-block stk-837950a stk--container-small stk-block-accordion__heading\" data-v=\"4\" data-block-id=\"837950a\"><div class=\"stk-column-wrapper stk-block-column__content stk-container stk-837950a-container stk-hover-parent\"><div class=\"stk-block-content stk-inner-blocks stk-837950a-inner-blocks\">\n<div class=\"wp-block-stackable-icon-label stk-block-icon-label stk-block stk-ecf8544\" data-block-id=\"ecf8544\"><div class=\"stk-row stk-inner-blocks stk-block-content\">\n<div class=\"wp-block-stackable-heading stk-block-heading stk-block-heading--v2 stk-block stk-65c9f09\" id=\"netvaerksfamilier\" data-block-id=\"65c9f09\"><h4 class=\"stk-block-heading__text\">Netv\u00e6rksfamilier<\/h4><\/div>\n\n\n\n<div class=\"wp-block-stackable-icon stk-block-icon stk-block stk-cc138a0\" data-block-id=\"cc138a0\"><span class=\"stk--svg-wrapper\"><div class=\"stk--inner-svg\"><svg style=\"height:0;width:0\"><defs><linearGradient id=\"linear-gradient-cc138a0\" x1=\"0\" x2=\"100%\" y1=\"0\" y2=\"0\"><stop offset=\"0%\" style=\"stop-opacity:1;stop-color:var(--linear-gradient-cc-138-a-0-color-1)\"><\/stop><stop offset=\"100%\" style=\"stop-opacity:1;stop-color:var(--linear-gradient-cc-138-a-0-color-2)\"><\/stop><\/linearGradient><\/defs><\/svg><svg data-prefix=\"fas\" data-icon=\"chevron-down\" class=\"svg-inline--fa fa-chevron-down fa-w-14\" xmlns=\"http:\/\/www.w3.org\/2000\/svg\" viewBox=\"0 0 448 512\" aria-hidden=\"true\" width=\"32\" height=\"32\"><path fill=\"currentColor\" d=\"M207.029 381.476L12.686 187.132c-9.373-9.373-9.373-24.569 0-33.941l22.667-22.667c9.357-9.357 24.522-9.375 33.901-.04L224 284.505l154.745-154.021c9.379-9.335 24.544-9.317 33.901.04l22.667 22.667c9.373 9.373 9.373 24.569 0 33.941L240.971 381.476c-9.373 9.372-24.569 9.372-33.942 0z\"><\/path><\/svg><\/div><\/span><\/div>\n<\/div><\/div>\n<\/div><\/div><\/summary>\n\n\n\n<div class=\"wp-block-stackable-column stk-block-column stk-column stk-block stk-f37ca8a stk-block-accordion__content\" data-v=\"4\" data-block-id=\"f37ca8a\"><div class=\"stk-column-wrapper stk-block-column__content stk-container stk-f37ca8a-container stk--no-background stk--no-padding\"><div class=\"stk-block-content stk-inner-blocks stk-f37ca8a-inner-blocks\">\n<div class=\"wp-block-stackable-text stk-block-text stk-block stk-66ad14c\" data-block-id=\"66ad14c\"><p class=\"stk-block-text__text\">En netv\u00e6rksfamilie kan v\u00e6re en familie, et par, eller en enkel person, der bliver ven med en flygtning eller en flygtningfamilie.<\/p><\/div>\n\n\n\n<p>En netv\u00e6rksfamilie kan hj\u00e6lpe med at l\u00e6re dansk, finde job og introducere til lokalsamfundet.<\/p>\n\n\n\n<p>Mange af vores frivillige er blevet t\u00e6tte familievenner med den flygtningfamilie, som de tidligere har m\u00f8dt gennem vores frivilliggruppe.<\/p>\n\n\n\n<p>Hvis det lyder som noget for dig kan du kontakte Ulla.<\/p>\n\n\n\n<p><strong>Kontakt<\/strong>:&nbsp;Ulla Sonne Andersen<strong><br>Tlf<\/strong>: 30 23 26 91&nbsp;<br><strong>Email<\/strong>:&nbsp;<a href=\"mailto:ulla@flygtning-roskilde.dk\">ulla@flygtning-roskilde.dk<\/a><\/p>\n<\/div><\/div><\/div>\n<\/details>\n<\/div><\/div><\/div>\n<\/div><\/div>\n","protected":false},"excerpt":{"rendered":"<p>Aktiviteter Vores frivillige hj\u00e6lper dig som flygtning og etnisk minoritet med hverdagens udfordringer. Det sker blandt andet gennem r\u00e5dgivning, lektiehj\u00e6lp og opbakning i hyggelige f\u00e6llesskaber. Hvad tilbyder vi? Frivilliggruppen omfatter en r\u00e6kke aktivitetsgrupper med forskellige tiltag og m\u00e5lgrupper. Desuden har vi en matchkoordinator, der hj\u00e6lper is\u00e6r vores nye medlemmer med at finde den gruppe, som [&hellip;]<\/p>\n","protected":false},"author":1,"featured_media":0,"parent":0,"menu_order":0,"comment_status":"closed","ping_status":"closed","template":"","meta":{"_coblocks_attr":"","_coblocks_dimensions":"","_coblocks_responsive_height":"","_coblocks_accordion_ie_support":"","footnotes":""},"class_list":["post-382","page","type-page","status-publish","hentry"],"_links":{"self":[{"href":"https:\/\/flygtning-roskilde.dk\/index.php?rest_route=\/wp\/v2\/pages\/382","targetHints":{"allow":["GET"]}}],"collection":[{"href":"https:\/\/flygtning-roskilde.dk\/index.php?rest_route=\/wp\/v2\/pages"}],"about":[{"href":"https:\/\/flygtning-roskilde.dk\/index.php?rest_route=\/wp\/v2\/types\/page"}],"author":[{"embeddable":true,"href":"https:\/\/flygtning-roskilde.dk\/index.php?rest_route=\/wp\/v2\/users\/1"}],"replies":[{"embeddable":true,"href":"https:\/\/flygtning-roskilde.dk\/index.php?rest_route=%2Fwp%2Fv2%2Fcomments&post=382"}],"version-history":[{"count":101,"href":"https:\/\/flygtning-roskilde.dk\/index.php?rest_route=\/wp\/v2\/pages\/382\/revisions"}],"predecessor-version":[{"id":645,"href":"https:\/\/flygtning-roskilde.dk\/index.php?rest_route=\/wp\/v2\/pages\/382\/revisions\/645"}],"wp:attachment":[{"href":"https:\/\/flygtning-roskilde.dk\/index.php?rest_route=%2Fwp%2Fv2%2Fmedia&parent=382"}],"curies":[{"name":"wp","href":"https:\/\/api.w.org\/{rel}","templated":true}]}}